{"id":53,"date":"2022-11-07T06:42:06","date_gmt":"2022-11-07T06:42:06","guid":{"rendered":"https:\/\/veosto.fi\/?page_id=53"},"modified":"2022-12-20T11:25:13","modified_gmt":"2022-12-20T11:25:13","slug":"katja","status":"publish","type":"page","link":"https:\/\/veosto.fi\/index.php\/katja\/","title":{"rendered":"KATJA"},"content":{"rendered":"\n<p><\/p>\n\n\n\n<p>Olen Katja St\u00e5hl.  T\u00e4ll\u00e4 hetkell\u00e4 ty\u00f6ss\u00e4ni kierr\u00e4n p\u00e4iv\u00e4kodeissa varhaiskasvatuksen erityisopettajana antaen tukeani lapsille, heid\u00e4n vanhemmilleen ja  varhaiskasvatuksen ammattilaisille lasten erilaisissa tuen tarpeissa, kehityshaasteissa, k\u00e4ytt\u00e4ytymisen ja toiminnanohjauksen pulmissa, kommunikoinnin tukemisessa ja monen monenlaisissa muissa tilanteissa.<\/p>\n\n\n\n<p>Toisena ty\u00f6n\u00e4ni haluan auttaa ihmisi\u00e4 ratkaisukeskeisen lyhytterapian avulla. Uskon vahvasti keskustelun ja tavoitteellisen ty\u00f6skentelyn voimaan kaikessa ja varsinkin silloin, kun halutaan l\u00f6yt\u00e4\u00e4 ratkaisuja paremman tulevaisuuden toteutumiseen. <\/p>\n\n\n\n<p>Suurimpia ja merkityksellisimpia asioita el\u00e4m\u00e4ss\u00e4ni ovat tietenkin omat lapseni ja puolisoni, vanhempani sek\u00e4 rakkaat l\u00e4heiset ihmiset. Heid\u00e4n kanssaan olen kasvanut ihmiseksi, joka nyt olen. Suuri kasvattajani on ollut my\u00f6s matkani yritt\u00e4j\u00e4n\u00e4. Vuonna 2006 perustin yksityisen taidepainotteisen p\u00e4iv\u00e4kodin. Luotsasin yli 16 vuotta p\u00e4iv\u00e4kotia toimien yritt\u00e4j\u00e4n\u00e4, ty\u00f6nantajana, opettajana, johtajana, toimitusjohtajana ja monitoiminaisena arjen kaikissa tilanteissa.<\/p>\n\n\n\n<p>Nyt olen uuden alussa aloittamassa lyhytterapeutin polkua. L\u00e4htisitk\u00f6 kulkemaan kanssani kohti sinun uutta alkuasi?<\/p>\n\n\n\n<p><\/p>\n\n\n\n<p><\/p>\n\n\n\n<figure class=\"wp-block-image size-full\"><img loading=\"lazy\" decoding=\"async\" width=\"550\" height=\"821\" src=\"https:\/\/veosto.fi\/wp-content\/uploads\/2022\/11\/Kuva1.jpg\" alt=\"\" class=\"wp-image-47\" srcset=\"https:\/\/veosto.fi\/wp-content\/uploads\/2022\/11\/Kuva1.jpg 550w, https:\/\/veosto.fi\/wp-content\/uploads\/2022\/11\/Kuva1-201x300.jpg 201w\" sizes=\"auto, (max-width: 550px) 100vw, 550px\" \/><\/figure>\n","protected":false},"excerpt":{"rendered":"<p>Olen Katja St\u00e5hl. T\u00e4ll\u00e4 hetkell\u00e4 ty\u00f6ss\u00e4ni kierr\u00e4n p\u00e4iv\u00e4kodeissa varhaiskasvatuksen erityisopettajana antaen tukeani lapsille, heid\u00e4n vanhemmilleen ja varhaiskasvatuksen ammattilaisille lasten erilaisissa tuen tarpeissa, kehityshaasteissa, k\u00e4ytt\u00e4ytymisen ja toiminnanohjauksen pulmissa, kommunikoinnin tukemisessa ja monen monenlaisissa muissa tilanteissa. Toisena ty\u00f6n\u00e4ni haluan auttaa ihmisi\u00e4 ratkaisukeskeisen lyhytterapian avulla. Uskon vahvasti keskustelun ja tavoitteellisen ty\u00f6skentelyn voimaan kaikessa ja varsinkin silloin, kun halutaan [&hellip;]<\/p>\n","protected":false},"author":1,"featured_media":0,"parent":0,"menu_order":0,"comment_status":"closed","ping_status":"closed","template":"","meta":{"footnotes":""},"class_list":["post-53","page","type-page","status-publish","hentry"],"_links":{"self":[{"href":"https:\/\/veosto.fi\/index.php\/wp-json\/wp\/v2\/pages\/53","targetHints":{"allow":["GET"]}}],"collection":[{"href":"https:\/\/veosto.fi\/index.php\/wp-json\/wp\/v2\/pages"}],"about":[{"href":"https:\/\/veosto.fi\/index.php\/wp-json\/wp\/v2\/types\/page"}],"author":[{"embeddable":true,"href":"https:\/\/veosto.fi\/index.php\/wp-json\/wp\/v2\/users\/1"}],"replies":[{"embeddable":true,"href":"https:\/\/veosto.fi\/index.php\/wp-json\/wp\/v2\/comments?post=53"}],"version-history":[{"count":3,"href":"https:\/\/veosto.fi\/index.php\/wp-json\/wp\/v2\/pages\/53\/revisions"}],"predecessor-version":[{"id":73,"href":"https:\/\/veosto.fi\/index.php\/wp-json\/wp\/v2\/pages\/53\/revisions\/73"}],"wp:attachment":[{"href":"https:\/\/veosto.fi\/index.php\/wp-json\/wp\/v2\/media?parent=53"}],"curies":[{"name":"wp","href":"https:\/\/api.w.org\/{rel}","templated":true}]}}