{"id":2,"date":"2022-11-01T09:26:15","date_gmt":"2022-11-01T09:26:15","guid":{"rendered":"https:\/\/veosto.fi\/?page_id=2"},"modified":"2022-12-20T11:50:06","modified_gmt":"2022-12-20T11:50:06","slug":"sample-page","status":"publish","type":"page","link":"https:\/\/veosto.fi\/index.php\/sample-page\/","title":{"rendered":"Lyhytterapia"},"content":{"rendered":"\n<figure class=\"wp-block-image size-large\"><img loading=\"lazy\" decoding=\"async\" width=\"1024\" height=\"681\" src=\"https:\/\/veosto.fi\/wp-content\/uploads\/2022\/11\/friendship-g3827b875c_1920-1024x681.jpg\" alt=\"\" class=\"wp-image-33\" srcset=\"https:\/\/veosto.fi\/wp-content\/uploads\/2022\/11\/friendship-g3827b875c_1920-1024x681.jpg 1024w, https:\/\/veosto.fi\/wp-content\/uploads\/2022\/11\/friendship-g3827b875c_1920-300x199.jpg 300w, https:\/\/veosto.fi\/wp-content\/uploads\/2022\/11\/friendship-g3827b875c_1920-768x510.jpg 768w, https:\/\/veosto.fi\/wp-content\/uploads\/2022\/11\/friendship-g3827b875c_1920-1536x1021.jpg 1536w, https:\/\/veosto.fi\/wp-content\/uploads\/2022\/11\/friendship-g3827b875c_1920.jpg 1920w\" sizes=\"auto, (max-width: 1024px) 100vw, 1024px\" \/><\/figure>\n\n\n\n<p>Lyhytterapia on matalan kynnyksen keskusteluapua el\u00e4m\u00e4n kriiseihin tai haasteisiin ihmisuhteissa, ty\u00f6ss\u00e4 tai opiskelussa. <\/p>\n\n\n\n<p>Valmistun ratkaisukeskeiseksi lyhytterapeutiksi kev\u00e4\u00e4ll\u00e4 2023. Suoritan parhaillaan opintoja lyhytterapiainstituutissa. Opintoihini kuuluu harjoittelua asiakasty\u00f6ss\u00e4 terapauttina. <\/p>\n\n\n\n<p><\/p>\n\n\n\n<p>Osaamista ja vahvuuksiani olen kartuttanut ty\u00f6ss\u00e4ni varhaiskasvatuksen opettajana, erityisopettajana, p\u00e4iv\u00e4kodinjohtajana, yritt\u00e4j\u00e4n\u00e4,esimiehen\u00e4 ja  ty\u00f6nantajana. El\u00e4m\u00e4nkokemusta on kertynyt yli 50 vuotta, josta \u00e4itin\u00e4 olen saanut olla 28 vuotta. Koen vahvuuksinani kokemukseni ja koulutukseni tuoman ymm\u00e4rryksen el\u00e4m\u00e4n eri alueilta niin ty\u00f6el\u00e4m\u00e4st\u00e4, johtajuudesta, uupumuksesta, lapsiperheiden ja parisuhteiden haasteista, lasten ja nuorten k\u00e4ytt\u00e4ytymisen, tunne-el\u00e4m\u00e4n tai oppimisen haasteista.<\/p>\n\n\n\n<p>Olisitko kiinnostunut tulemaan harjoitus-asiakkaakseni. Haluaisin mielell\u00e4ni auttaa sinua l\u00f6yt\u00e4m\u00e4\u00e4n uusia n\u00e4k\u00f6kulmia el\u00e4m\u00e4si solmukohtiin tai haasteisiin.  Ratkaisukeskeisell\u00e4 otteella autan sinua l\u00f6yt\u00e4m\u00e4\u00e4n omat vahvuutesi ja voimavarasi. Mik\u00e4\u00e4n ei ole v\u00e4\u00e4r\u00e4 asia tulla lyhytterapiaan. Selvitet\u00e4\u00e4n yhdess\u00e4, olenko min\u00e4 sopiva henkil\u00f6 auttamaan sinua. <\/p>\n\n\n\n<p>Terapiahuoneeni sijaitsee Lahdessa Launeella osoitteessa Mustam\u00e4enkatu 5. Tammi-helmikuun ajan otan vastaan uusia harjoitus-asiakkaita ilman maksua. Laita viesti\u00e4, niin sovitaan sinulle sopiva aika. <\/p>\n\n\n\n<p>katja@veosto.fi<\/p>\n","protected":false},"excerpt":{"rendered":"<p>Lyhytterapia on matalan kynnyksen keskusteluapua el\u00e4m\u00e4n kriiseihin tai haasteisiin ihmisuhteissa, ty\u00f6ss\u00e4 tai opiskelussa. Valmistun ratkaisukeskeiseksi lyhytterapeutiksi kev\u00e4\u00e4ll\u00e4 2023. Suoritan parhaillaan opintoja lyhytterapiainstituutissa. Opintoihini kuuluu harjoittelua asiakasty\u00f6ss\u00e4 terapauttina. Osaamista ja vahvuuksiani olen kartuttanut ty\u00f6ss\u00e4ni varhaiskasvatuksen opettajana, erityisopettajana, p\u00e4iv\u00e4kodinjohtajana, yritt\u00e4j\u00e4n\u00e4,esimiehen\u00e4 ja ty\u00f6nantajana. El\u00e4m\u00e4nkokemusta on kertynyt yli 50 vuotta, josta \u00e4itin\u00e4 olen saanut olla 28 vuotta. Koen vahvuuksinani [&hellip;]<\/p>\n","protected":false},"author":1,"featured_media":0,"parent":0,"menu_order":0,"comment_status":"closed","ping_status":"open","template":"","meta":{"footnotes":""},"class_list":["post-2","page","type-page","status-publish","hentry"],"_links":{"self":[{"href":"https:\/\/veosto.fi\/index.php\/wp-json\/wp\/v2\/pages\/2","targetHints":{"allow":["GET"]}}],"collection":[{"href":"https:\/\/veosto.fi\/index.php\/wp-json\/wp\/v2\/pages"}],"about":[{"href":"https:\/\/veosto.fi\/index.php\/wp-json\/wp\/v2\/types\/page"}],"author":[{"embeddable":true,"href":"https:\/\/veosto.fi\/index.php\/wp-json\/wp\/v2\/users\/1"}],"replies":[{"embeddable":true,"href":"https:\/\/veosto.fi\/index.php\/wp-json\/wp\/v2\/comments?post=2"}],"version-history":[{"count":7,"href":"https:\/\/veosto.fi\/index.php\/wp-json\/wp\/v2\/pages\/2\/revisions"}],"predecessor-version":[{"id":78,"href":"https:\/\/veosto.fi\/index.php\/wp-json\/wp\/v2\/pages\/2\/revisions\/78"}],"wp:attachment":[{"href":"https:\/\/veosto.fi\/index.php\/wp-json\/wp\/v2\/media?parent=2"}],"curies":[{"name":"wp","href":"https:\/\/api.w.org\/{rel}","templated":true}]}}