{"id":15,"date":"2022-11-06T09:45:06","date_gmt":"2022-11-06T09:45:06","guid":{"rendered":"https:\/\/veosto.fi\/?page_id=15"},"modified":"2022-12-20T11:46:06","modified_gmt":"2022-12-20T11:46:06","slug":"etusivu","status":"publish","type":"page","link":"https:\/\/veosto.fi\/","title":{"rendered":"Veo-palvelut"},"content":{"rendered":"\n<h2 class=\"wp-block-heading\"><\/h2>\n\n\n\n<p>Varhaiskasvatuksen erityisopettajan palvelut: <\/p>\n\n\n\n<p>Olen Katja St\u00e5hl, varhaiskasvatuksen erityisopettaja eli lyhyemmin VEO. Tarjoan Varhaiskasvatuksen erityisopettajan konsultoivaa palvelua p\u00e4iv\u00e4kodeille P\u00e4ij\u00e4t-H\u00e4meen alueella. Voitte tilata minut p\u00e4iv\u00e4kotiin:<\/p>\n\n\n\n<ul class=\"wp-block-list\">\n<li>selvit\u00e4mme yhdess\u00e4, mink\u00e4laista tukea lapset tarvitsevat<\/li>\n\n\n\n<li>autan lapsen tukeen liittyvien asiakirjojen laatimisessa<\/li>\n\n\n\n<li>autan p\u00e4iv\u00e4kodin henkil\u00f6st\u00f6\u00e4 kehitt\u00e4m\u00e4\u00e4n kolmitasoista tukea ja ryhm\u00e4n pedagogiikkaa kaikkien lasten tarpeita huomioivaksi<\/li>\n\n\n\n<li>annan tukea lapsiryhm\u00e4ss\u00e4 tuen eri tasoilla osa-aikaisella erityisopetuksella <\/li>\n<\/ul>\n\n\n\n<p>Olen k\u00e4ytett\u00e4viss\u00e4 kaikenlaisissa varhaiskasvatuksen tuen asioissa. Vahvuuksiani on pitk\u00e4 ty\u00f6kokemus varhaiskasvatuksessa opettajana ja esimiehen\u00e4.&nbsp;&nbsp;K\u00e4yt\u00e4n ratkaisukeskeist\u00e4 otetta ty\u00f6ss\u00e4ni. L\u00f6ydet\u00e4\u00e4n yhdess\u00e4 keinot parhaan tuen toteuttamiseen.<\/p>\n\n\n\n<p>Ota yhteytt\u00e4 rohkeasti niin jutellaan miten voin auttaa.&nbsp;<\/p>\n\n\n\n<p> <\/p>\n\n\n\n<p>Katja St\u00e5hl<\/p>\n\n\n\n<p>Varhaiskasvatuksen erityisopettaja<\/p>\n\n\n\n<p>040 7345 877<\/p>\n\n\n\n<p>katja@veosto.fi<\/p>\n\n\n\n<p><\/p>\n","protected":false},"excerpt":{"rendered":"<p>Varhaiskasvatuksen erityisopettajan palvelut: Olen Katja St\u00e5hl, varhaiskasvatuksen erityisopettaja eli lyhyemmin VEO. Tarjoan Varhaiskasvatuksen erityisopettajan konsultoivaa palvelua p\u00e4iv\u00e4kodeille P\u00e4ij\u00e4t-H\u00e4meen alueella. Voitte tilata minut p\u00e4iv\u00e4kotiin: Olen k\u00e4ytett\u00e4viss\u00e4 kaikenlaisissa varhaiskasvatuksen tuen asioissa. Vahvuuksiani on pitk\u00e4 ty\u00f6kokemus varhaiskasvatuksessa opettajana ja esimiehen\u00e4.&nbsp;&nbsp;K\u00e4yt\u00e4n ratkaisukeskeist\u00e4 otetta ty\u00f6ss\u00e4ni. L\u00f6ydet\u00e4\u00e4n yhdess\u00e4 keinot parhaan tuen toteuttamiseen. Ota yhteytt\u00e4 rohkeasti niin jutellaan miten voin auttaa.&nbsp; Katja [&hellip;]<\/p>\n","protected":false},"author":1,"featured_media":31,"parent":0,"menu_order":0,"comment_status":"closed","ping_status":"closed","template":"","meta":{"footnotes":""},"class_list":["post-15","page","type-page","status-publish","has-post-thumbnail","hentry"],"_links":{"self":[{"href":"https:\/\/veosto.fi\/index.php\/wp-json\/wp\/v2\/pages\/15","targetHints":{"allow":["GET"]}}],"collection":[{"href":"https:\/\/veosto.fi\/index.php\/wp-json\/wp\/v2\/pages"}],"about":[{"href":"https:\/\/veosto.fi\/index.php\/wp-json\/wp\/v2\/types\/page"}],"author":[{"embeddable":true,"href":"https:\/\/veosto.fi\/index.php\/wp-json\/wp\/v2\/users\/1"}],"replies":[{"embeddable":true,"href":"https:\/\/veosto.fi\/index.php\/wp-json\/wp\/v2\/comments?post=15"}],"version-history":[{"count":6,"href":"https:\/\/veosto.fi\/index.php\/wp-json\/wp\/v2\/pages\/15\/revisions"}],"predecessor-version":[{"id":68,"href":"https:\/\/veosto.fi\/index.php\/wp-json\/wp\/v2\/pages\/15\/revisions\/68"}],"wp:featuredmedia":[{"embeddable":true,"href":"https:\/\/veosto.fi\/index.php\/wp-json\/wp\/v2\/media\/31"}],"wp:attachment":[{"href":"https:\/\/veosto.fi\/index.php\/wp-json\/wp\/v2\/media?parent=15"}],"curies":[{"name":"wp","href":"https:\/\/api.w.org\/{rel}","templated":true}]}}